{"id":922,"date":"2023-11-15T14:06:02","date_gmt":"2023-11-15T13:06:02","guid":{"rendered":"https:\/\/bohemianworms.com\/?page_id=922"},"modified":"2023-11-15T17:04:23","modified_gmt":"2023-11-15T16:04:23","slug":"historie","status":"publish","type":"page","link":"https:\/\/bohemianworms.com\/index.php\/historie\/","title":{"rendered":"Historie"},"content":{"rendered":"\t\t<div data-elementor-type=\"wp-page\" data-elementor-id=\"922\" class=\"elementor elementor-922\">\n\t\t\t\t\t\t<section class=\"elementor-section elementor-top-section elementor-element elementor-element-41863a9 elementor-section-boxed elementor-section-height-default elementor-section-height-default wpr-particle-no wpr-jarallax-no wpr-parallax-no wpr-sticky-section-no\" data-id=\"41863a9\" data-element_type=\"section\">\n\t\t\t\t\t\t<div class=\"elementor-container elementor-column-gap-default\">\n\t\t\t\t\t<div class=\"elementor-column elementor-col-100 elementor-top-column elementor-element elementor-element-33b93b7\" data-id=\"33b93b7\" data-element_type=\"column\">\n\t\t\t<div class=\"elementor-widget-wrap elementor-element-populated\">\n\t\t\t\t\t\t<div class=\"elementor-element elementor-element-11fec00 wpr-list-style-none elementor-widget elementor-widget-wpr-posts-timeline\" data-id=\"11fec00\" data-element_type=\"widget\" data-settings=\"{&quot;animation_offset&quot;:150,&quot;aos_animation_duration&quot;:600}\" data-widget_type=\"wpr-posts-timeline.default\">\n\t\t\t\t<div class=\"elementor-widget-container\">\n\t\t\t\t\t\n\t\t<div class=\"wpr-wrapper wpr-vertical wpr-centered\">\n\t\t\t<div class=\"wpr-timeline-centered wpr-line wpr-both-sided-timeline\"><div class=\"wpr-middle-line\"><\/div><div class=\"wpr-timeline-fill\" data-layout=\"centered\"><\/div><span class=\"wpr-year-wrap\"><span class=\"wpr-year-label wpr-year\">2022<\/span><\/span><article class=\"wpr-timeline-entry wpr-left-aligned elementor-repeater-item-26169a2\" data-item-id=\"elementor-repeater-item-26169a2\"><time class=\"wpr-extra-label\" data-aos=\"none\" data-aos-left=\"\" data-aos-right=\"\" data-animation-offset=\"150\" data-animation-duration=\"600\"><span class=\"wpr-label\">\u0159ijen 2022<\/span><span class=\"wpr-sub-label\">Company Established<\/span><\/time><div class=\"wpr-timeline-entry-inner\"><div class=\"wpr-main-line-icon wpr-icon\"><i aria-hidden=\"true\" class=\"fas fa-asterisk\"><\/i><\/div><div class=\"wpr-story-info-vertical wpr-data-wrap \"  data-aos=\"none\" data-aos-left=\"\" data-aos-right=\"\" data-animation-offset=\"150\" data-animation-duration=\"600\"><div class=\"wpr-animation-wrap wpr-timeline-media\"><img fetchpriority=\"high\" decoding=\"async\" width=\"1203\" height=\"633\" src=\"https:\/\/bohemianworms.com\/wp-content\/uploads\/2023\/08\/Ashampoo_13.jpg\" class=\"attachment-full size-full\" alt=\"\" srcset=\"https:\/\/bohemianworms.com\/wp-content\/uploads\/2023\/08\/Ashampoo_13.jpg 1203w, https:\/\/bohemianworms.com\/wp-content\/uploads\/2023\/08\/Ashampoo_13-300x158.jpg 300w, https:\/\/bohemianworms.com\/wp-content\/uploads\/2023\/08\/Ashampoo_13-1024x539.jpg 1024w, https:\/\/bohemianworms.com\/wp-content\/uploads\/2023\/08\/Ashampoo_13-768x404.jpg 768w\" sizes=\"(max-width: 1203px) 100vw, 1203px\" \/><\/div><div class=\"wpr-timeline-content-wrapper\"><div class=\"wpr-content-wrapper\"><p class=\"wpr-title-wrap\"><span class=\"wpr-title\">Zalo\u017een\u00ed Korporace<\/span><\/p><div class=\"wpr-description\"><p>30.10.2022<\/p><\/div><\/div><\/div><\/div>\n\t\t\t\t\t\t<\/div>\n\t\t\t\t<\/article><article class=\"wpr-timeline-entry wpr-right-aligned elementor-repeater-item-992b175\" data-item-id=\"elementor-repeater-item-992b175\"><time class=\"wpr-extra-label\" data-aos=\"none\" data-aos-left=\"\" data-aos-right=\"\" data-animation-offset=\"150\" data-animation-duration=\"600\"><span class=\"wpr-label\">1 listopad 2022<\/span><span class=\"wpr-sub-label\">Prvn\u00ed Korpor\u00e1tn\u00ed kill<\/span><\/time><div class=\"wpr-timeline-entry-inner\"><div class=\"wpr-main-line-icon wpr-icon\"><i aria-hidden=\"true\" class=\"fas fa-check\"><\/i><\/div><div class=\"wpr-story-info-vertical wpr-data-wrap \"  data-aos=\"none\" data-aos-left=\"\" data-aos-right=\"\" data-animation-offset=\"150\" data-animation-duration=\"600\"><div class=\"wpr-animation-wrap wpr-timeline-media\"><img decoding=\"async\" width=\"781\" height=\"757\" src=\"https:\/\/bohemianworms.com\/wp-content\/uploads\/2023\/08\/First-Kill-2.jpg\" class=\"attachment-full size-full\" alt=\"\" srcset=\"https:\/\/bohemianworms.com\/wp-content\/uploads\/2023\/08\/First-Kill-2.jpg 781w, https:\/\/bohemianworms.com\/wp-content\/uploads\/2023\/08\/First-Kill-2-300x291.jpg 300w, https:\/\/bohemianworms.com\/wp-content\/uploads\/2023\/08\/First-Kill-2-768x744.jpg 768w\" sizes=\"(max-width: 781px) 100vw, 781px\" \/><\/div><div class=\"wpr-timeline-content-wrapper\"><div class=\"wpr-content-wrapper\"><p class=\"wpr-title-wrap\"><a href=\"https:\/\/zkillboard.com\/kill\/104334149\/\" target=\"_blank\" rel=\"nofollow\" class=\"wpr-title\">Prvn\u00ed Krev<\/a><\/p><div class=\"wpr-description\"><p>Prvn\u00ed Korpor\u00e1tn\u00ed Kill\u00a0 <a href=\"https:\/\/zkillboard.com\/kill\/104334149\/\">Zkillboard<\/a><\/p><p>\u00a02022-10-31 18:47<\/p><p>V tuto chv\u00edli byla korporace \u010derstv\u011b zalo\u017een\u00e1 a podeps\u00e1n je za n\u00e1s jen Klasik. Prvn\u00ed hr\u00e1\u010di se teprve p\u0159ipravovaly k p\u0159estupu.<\/p><p>O 6 minut pozd\u011bji padl i Astrhus v hodnot\u011b n\u011bco p\u0159es 2 Bil., kter\u00fd byl hlavn\u00ed c\u00edl\u00a0 \u00a0<\/p><\/div><\/div><\/div><\/div>\n\t\t\t\t\t\t<\/div>\n\t\t\t\t<\/article><article class=\"wpr-timeline-entry wpr-left-aligned elementor-repeater-item-9fa4cdb\" data-item-id=\"elementor-repeater-item-9fa4cdb\"><time class=\"wpr-extra-label\" data-aos=\"none\" data-aos-left=\"\" data-aos-right=\"\" data-animation-offset=\"150\" data-animation-duration=\"600\"><span class=\"wpr-label\">Listopad 2022<\/span><span class=\"wpr-sub-label\">\u00faklid<\/span><\/time><div class=\"wpr-timeline-entry-inner\"><div class=\"wpr-main-line-icon wpr-icon\"><i aria-hidden=\"true\" class=\"fab fa-apple\"><\/i><\/div><div class=\"wpr-story-info-vertical wpr-data-wrap \"  data-aos=\"none\" data-aos-left=\"\" data-aos-right=\"\" data-animation-offset=\"150\" data-animation-duration=\"600\"><div class=\"wpr-timeline-content-wrapper\"><div class=\"wpr-content-wrapper\"><p class=\"wpr-title-wrap\"><span class=\"wpr-title\">\u00faklid a stavba struktur<\/span><\/p><div class=\"wpr-description\"><p>Jako dom\u00e1c\u00ed WH byla vybr\u00e1na J153202<\/p><p>B\u011bhem listopadu byli vyst\u0159\u00edlen\u00e9 p\u016fvodn\u00ed struktury :<\/p><p><a href=\"https:\/\/zkillboard.com\/kill\/104668983\/\">Zkillboard<\/a><\/p><p>Celkem 7x Custom office<\/p><p>\u00a0 \u00a0 \u00a0 \u00a0 \u00a0 12x Caldari Control Tower small<\/p><p>\u00a0 \u00a0 \u00a0 \u00a0 \u00a0 \u00a0 \u00a0 \u00a01 x Caldari Control Tower medium<\/p><p style=\"text-align: left\">a postaveny stanice :<\/p><p>Fort Worm-Fortizar<\/p><p>Kov\u00e1rna-Raitaru<\/p><p>Elysium-Athanor<\/p><p>Mesia\u010dik na hnoji- Athanor<\/p><p>V Tuto chv\u00edli m\u00e1 korporace 14 postav, \u0159e\u0161\u00ed se tak\u00e9 struktura veden\u00ed, financov\u00e1n\u00ed korpy ,pr\u00e1va postav ,p\u0159\u00edstupy do hang\u00e1r\u016f a celkov\u00e9 nastaven\u00ed korpy v\u010detn\u011b doktr\u00edny.\u00a0<\/p><\/div><\/div><\/div><\/div>\n\t\t\t\t\t\t<\/div>\n\t\t\t\t<\/article><article class=\"wpr-timeline-entry wpr-right-aligned elementor-repeater-item-8959994\" data-item-id=\"elementor-repeater-item-8959994\"><time class=\"wpr-extra-label\" data-aos=\"none\" data-aos-left=\"\" data-aos-right=\"\" data-animation-offset=\"150\" data-animation-duration=\"600\"><span class=\"wpr-label\">30.6-2.7.2023<\/span><\/time><div class=\"wpr-timeline-entry-inner\"><div class=\"wpr-main-line-icon wpr-icon\"><i aria-hidden=\"true\" class=\"fab fa-apple\"><\/i><\/div><div class=\"wpr-story-info-vertical wpr-data-wrap \"  data-aos=\"none\" data-aos-left=\"\" data-aos-right=\"\" data-animation-offset=\"150\" data-animation-duration=\"600\"><div class=\"wpr-timeline-content-wrapper\"><div class=\"wpr-content-wrapper\"><p class=\"wpr-title-wrap\"><span class=\"wpr-title\">Cable Wake Park Hradec<\/span><\/p><div class=\"wpr-description\"><p>Sraz CZ-SK\u00a0 komunity sou\u010dasn\u00fdch a b\u00fdval\u00fdch hr\u00e1\u010d\u016f Eve Online<\/p><\/div><\/div><\/div><\/div>\n\t\t\t\t\t\t<\/div>\n\t\t\t\t<\/article><\/div>    \n\t\t\t<\/div>\t\t\t\t<\/div>\n\t\t\t\t<\/div>\n\t\t\t\t\t<\/div>\n\t\t<\/div>\n\t\t\t\t\t<\/div>\n\t\t<\/section>\n\t\t\t\t<\/div>\n\t\t","protected":false},"excerpt":{"rendered":"<p>2022 \u0159ijen 2022Company Established Zalo\u017een\u00ed Korporace 30.10.2022 1 listopad 2022Prvn\u00ed Korpor\u00e1tn\u00ed kill Prvn\u00ed Krev Prvn\u00ed Korpor\u00e1tn\u00ed Kill\u00a0 Zkillboard \u00a02022-10-31 18:47 V tuto chv\u00edli byla korporace \u010derstv\u011b zalo\u017een\u00e1 a podeps\u00e1n je za n\u00e1s jen Klasik. Prvn\u00ed hr\u00e1\u010di se teprve p\u0159ipravovaly k p\u0159estupu. O 6 minut pozd\u011bji padl i Astrhus v hodnot\u011b n\u011bco p\u0159es 2 Bil., kter\u00fd byl hlavn\u00ed c\u00edl\u00a0 \u00a0 Listopad 2022\u00faklid \u00faklid a stavba struktur Jako dom\u00e1c\u00ed WH byla vybr\u00e1na J153202 B\u011bhem listopadu byli vyst\u0159\u00edlen\u00e9 p\u016fvodn\u00ed struktury : Zkillboard Celkem 7x Custom office \u00a0 \u00a0 \u00a0 \u00a0 \u00a0 12x Caldari Control Tower small \u00a0 \u00a0 \u00a0 \u00a0 \u00a0 \u00a0 \u00a0 \u00a01 x Caldari Control Tower medium a postaveny stanice : Fort Worm-Fortizar Kov\u00e1rna-Raitaru Elysium-Athanor Mesia\u010dik na hnoji- Athanor V Tuto chv\u00edli m\u00e1 korporace 14 postav, \u0159e\u0161\u00ed se tak\u00e9 struktura veden\u00ed, financov\u00e1n\u00ed korpy ,pr\u00e1va postav ,p\u0159\u00edstupy do hang\u00e1r\u016f a celkov\u00e9 nastaven\u00ed korpy v\u010detn\u011b doktr\u00edny.\u00a0 30.6-2.7.2023 Cable Wake Park Hradec Sraz CZ-SK\u00a0 komunity sou\u010dasn\u00fdch a b\u00fdval\u00fdch hr\u00e1\u010d\u016f Eve Online<\/p>\n","protected":false},"author":1,"featured_media":0,"parent":0,"menu_order":0,"comment_status":"closed","ping_status":"closed","template":"","meta":{"footnotes":""},"class_list":["post-922","page","type-page","status-publish","hentry"],"_links":{"self":[{"href":"https:\/\/bohemianworms.com\/index.php\/wp-json\/wp\/v2\/pages\/922","targetHints":{"allow":["GET"]}}],"collection":[{"href":"https:\/\/bohemianworms.com\/index.php\/wp-json\/wp\/v2\/pages"}],"about":[{"href":"https:\/\/bohemianworms.com\/index.php\/wp-json\/wp\/v2\/types\/page"}],"author":[{"embeddable":true,"href":"https:\/\/bohemianworms.com\/index.php\/wp-json\/wp\/v2\/users\/1"}],"replies":[{"embeddable":true,"href":"https:\/\/bohemianworms.com\/index.php\/wp-json\/wp\/v2\/comments?post=922"}],"version-history":[{"count":42,"href":"https:\/\/bohemianworms.com\/index.php\/wp-json\/wp\/v2\/pages\/922\/revisions"}],"predecessor-version":[{"id":2295,"href":"https:\/\/bohemianworms.com\/index.php\/wp-json\/wp\/v2\/pages\/922\/revisions\/2295"}],"wp:attachment":[{"href":"https:\/\/bohemianworms.com\/index.php\/wp-json\/wp\/v2\/media?parent=922"}],"curies":[{"name":"wp","href":"https:\/\/api.w.org\/{rel}","templated":true}]}}